{"id":693,"date":"2022-12-15T14:38:09","date_gmt":"2022-12-15T11:38:09","guid":{"rendered":"http:\/\/fiorello.mikado-themes.com\/?page_id=693"},"modified":"2022-12-15T14:39:56","modified_gmt":"2022-12-15T11:39:56","slug":"iletisim","status":"publish","type":"page","link":"https:\/\/saksitas.com\/en\/iletisim\/","title":{"rendered":"\u0130leti\u015fim"},"content":{"rendered":"<p>[vc_row][vc_column][vc_gmaps link=&#8221;#E-8_JTNDaWZyYW1lJTIwc3JjJTNEJTIyaHR0cHMlM0ElMkYlMkZ3d3cuZ29vZ2xlLmNvbSUyRm1hcHMlMkZlbWJlZCUzRnBiJTNEJTIxMW0xOCUyMTFtMTIlMjExbTMlMjExZDEyMDE5LjYyMzgzOTc3NzA4JTIxMmQyOS4yOTQxNjcyNDI0NDMwMDIlMjEzZDQxLjEzNjU3ODgyOTM2NDIlMjEybTMlMjExZjAlMjEyZjAlMjEzZjAlMjEzbTIlMjExaTEwMjQlMjEyaTc2OCUyMTRmMTMuMSUyMTNtMyUyMTFtMiUyMTFzMHg0MDlmZDcxMjM5YTgzMjk3JTI1M0EweDhiN2M5YjViMDViNzk5MTAlMjEyenhMQnphR0ZyYk1TeExDQXpORGd5T1NCQ1pYbHJiM292eExCemRHRnVZblZzJTIxNWUwJTIxM20yJTIxMXN0ciUyMTJzdHIlMjE0djE2NzExMDM3Nzg4NjYlMjE1bTIlMjExc3RyJTIxMnN0ciUyMiUyMHdpZHRoJTNEJTIyNjAwJTIyJTIwaGVpZ2h0JTNEJTIyNDUwJTIyJTIwZnJhbWVib3JkZXIlM0QlMjIwJTIyJTIwc3R5bGUlM0QlMjJib3JkZXIlM0EwJTIyJTIwYWxsb3dmdWxsc2NyZWVuJTNFJTNDJTJGaWZyYW1lJTNF&#8221;][\/vc_column][\/vc_row][vc_row][vc_column][vc_empty_space height=&#8221;17px&#8221;]<div class=\"mkdf-section-title-holder   mkdf-st-subtitle-pos-under\" style=\"text-align: center\">\n\t<div class=\"mkdf-st-inner\">\n\t\t\t\t\t\t\t<h2 class=\"mkdf-st-title\" >\n\t\t\t\tBize diledi\u011finiz <span class=\"mkdf-st-title-highlight\">zaman<\/span> ula\u015fabilirsiniz...\t\t\t<\/h2>\n\t\t        \t\t\t\t\t<p class=\"mkdf-st-text\" style=\"font-size: 17px;margin-top: 29px\">\n\t\t\t\tTelefon Numaralar\u0131m\u0131z: 0541 761 66 56 - 0544 809 98 40\nAdresimiz: \u0130shakl\u0131k\u00f6y\u00fc \/ Beykoz \/ \u0130stanbul\t\t\t<\/p>\n\t\t\t<\/div>\n<\/div>[vc_empty_space height=&#8221;42px&#8221;][\/vc_column][\/vc_row]<\/p>","protected":false},"excerpt":{"rendered":"<p>[vc_row][vc_column][vc_gmaps link=&#8221;#E-8_JTNDaWZyYW1lJTIwc3JjJTNEJTIyaHR0cHMlM0ElMkYlMkZ3d3cuZ29vZ2xlLmNvbSUyRm1hcHMlMkZlbWJlZCUzRnBiJTNEJTIxMW0xOCUyMTFtMTIlMjExbTMlMjExZDEyMDE5LjYyMzgzOTc3NzA4JTIxMmQyOS4yOTQxNjcyNDI0NDMwMDIlMjEzZDQxLjEzNjU3ODgyOTM2NDIlMjEybTMlMjExZjAlMjEyZjAlMjEzZjAlMjEzbTIlMjExaTEwMjQlMjEyaTc2OCUyMTRmMTMuMSUyMTNtMyUyMTFtMiUyMTFzMHg0MDlmZDcxMjM5YTgzMjk3JTI1M0EweDhiN2M5YjViMDViNzk5MTAlMjEyenhMQnphR0ZyYk1TeExDQXpORGd5T1NCQ1pYbHJiM292eExCemRHRnVZblZzJTIxNWUwJTIxM20yJTIxMXN0ciUyMTJzdHIlMjE0djE2NzExMDM3Nzg4NjYlMjE1bTIlMjExc3RyJTIxMnN0ciUyMiUyMHdpZHRoJTNEJTIyNjAwJTIyJTIwaGVpZ2h0JTNEJTIyNDUwJTIyJTIwZnJhbWVib3JkZXIlM0QlMjIwJTIyJTIwc3R5bGUlM0QlMjJib3JkZXIlM0EwJTIyJTIwYWxsb3dmdWxsc2NyZWVuJTNFJTNDJTJGaWZyYW1lJTNF&#8221;][\/vc_column][\/vc_row][vc_row][vc_column][vc_empty_space height=&#8221;17px&#8221;][vc_empty_space height=&#8221;42px&#8221;][\/vc_column][\/vc_row]<\/p>","protected":false},"author":1,"featured_media":0,"parent":0,"menu_order":0,"comment_status":"closed","ping_status":"closed","template":"full-width.php","meta":{"footnotes":""},"class_list":["post-693","page","type-page","status-publish","hentry"],"_links":{"self":[{"href":"https:\/\/saksitas.com\/en\/wp-json\/wp\/v2\/pages\/693","targetHints":{"allow":["GET"]}}],"collection":[{"href":"https:\/\/saksitas.com\/en\/wp-json\/wp\/v2\/pages"}],"about":[{"href":"https:\/\/saksitas.com\/en\/wp-json\/wp\/v2\/types\/page"}],"author":[{"embeddable":true,"href":"https:\/\/saksitas.com\/en\/wp-json\/wp\/v2\/users\/1"}],"replies":[{"embeddable":true,"href":"https:\/\/saksitas.com\/en\/wp-json\/wp\/v2\/comments?post=693"}],"version-history":[{"count":8,"href":"https:\/\/saksitas.com\/en\/wp-json\/wp\/v2\/pages\/693\/revisions"}],"predecessor-version":[{"id":3388,"href":"https:\/\/saksitas.com\/en\/wp-json\/wp\/v2\/pages\/693\/revisions\/3388"}],"wp:attachment":[{"href":"https:\/\/saksitas.com\/en\/wp-json\/wp\/v2\/media?parent=693"}],"curies":[{"name":"wp","href":"https:\/\/api.w.org\/{rel}","templated":true}]}}