{"id":799,"date":"2022-12-15T14:36:40","date_gmt":"2022-12-15T11:36:40","guid":{"rendered":"http:\/\/fiorello.mikado-themes.com\/?page_id=799"},"modified":"2022-12-19T10:44:28","modified_gmt":"2022-12-19T07:44:28","slug":"sik-sorulan-sorular","status":"publish","type":"page","link":"https:\/\/saksitas.com\/en\/sik-sorulan-sorular\/","title":{"rendered":"S\u0131k Sorulan Sorular"},"content":{"rendered":"<p>[vc_row anchor=&#8221;magnificence&#8221;][vc_column width=&#8221;1\/12&#8243; offset=&#8221;vc_hidden-md vc_hidden-sm vc_hidden-xs&#8221;][\/vc_column][vc_column offset=&#8221;vc_col-lg-11 vc_col-md-12 vc_col-xs-12&#8243;]<div class=\"mkdf-section-title-holder   mkdf-st-subtitle-pos-under\" >\n\t<div class=\"mkdf-st-inner\">\n\t\t\t\t\t\t\t<h3 class=\"mkdf-st-title\" >\n\t\t\t\t<span class=\"mkdf-st-title-highlight\">01.<\/span> ``\u00dcr\u00fcnlerinizin i\u00e7eri\u011fi - malzemesi nedir?``\t\t\t<\/h3>\n\t\t        \t\t\t\t\t<p class=\"mkdf-st-text\" style=\"margin-top: 22px\">\n\t\t\t\t\u00dcr\u00fcnlerimiz ``fiberstone``dan \u00fcretilmektedir. ``Fiberstone (hafif beton)`` saks\u0131lar; \u00e7imento, uygun agrega ve \u00f6zel katk\u0131lar\u0131n kar\u0131\u015f\u0131m\u0131 ile elde edilen; \u00f6zel d\u00f6k\u00fcm teknikleri ile \u00fcretilen, \u00fcst\u00fcn kaliteli ve dekoratif \u00fcr\u00fcnlerdir.\t\t\t<\/p>\n\t\t\t<\/div>\n<\/div>[vc_empty_space height=&#8221;55px&#8221;][\/vc_column][\/vc_row][vc_row anchor=&#8221;solutions&#8221;][vc_column width=&#8221;1\/12&#8243; offset=&#8221;vc_hidden-md vc_hidden-sm vc_hidden-xs&#8221;][\/vc_column][vc_column offset=&#8221;vc_col-lg-11 vc_col-md-12 vc_col-xs-12&#8243;]<div class=\"mkdf-section-title-holder   mkdf-st-subtitle-pos-under\" >\n\t<div class=\"mkdf-st-inner\">\n\t\t\t\t\t\t\t<h3 class=\"mkdf-st-title\" >\n\t\t\t\t<span class=\"mkdf-st-title-highlight\">02.<\/span> ``Kullan\u0131m s\u00fcresi ne kadard\u0131r?``\t\t\t<\/h3>\n\t\t        \t\t\t\t\t<p class=\"mkdf-st-text\" style=\"margin-top: 22px\">\n\t\t\t\tFiberstone, her t\u00fcrl\u00fc do\u011fa ko\u015fullar\u0131na, bas\u0131n\u00e7 ve darbelere kar\u015f\u0131 dayan\u0131kl\u0131d\u0131r. Muadil saks\u0131 \u00e7e\u015fitlerine g\u00f6re \u00e7ok daha uzun \u00f6m\u00fcrl\u00fcd\u00fcr. Zamanla deforme olmaz, esnemez. \u0130\u00e7 k\u0131sm\u0131na uygulanan izolasyon sayesinde s\u0131zd\u0131rma yapmaz.\t\t\t<\/p>\n\t\t\t<\/div>\n<\/div>[vc_empty_space height=&#8221;55px&#8221;][\/vc_column][\/vc_row][vc_row anchor=&#8221;solutions&#8221;][vc_column width=&#8221;1\/12&#8243; offset=&#8221;vc_hidden-md vc_hidden-sm vc_hidden-xs&#8221;][\/vc_column][vc_column offset=&#8221;vc_col-lg-11 vc_col-md-12 vc_col-xs-12&#8243;]<div class=\"mkdf-section-title-holder   mkdf-st-subtitle-pos-under\" >\n\t<div class=\"mkdf-st-inner\">\n\t\t\t\t\t\t\t<h3 class=\"mkdf-st-title\" >\n\t\t\t\t<span class=\"mkdf-st-title-highlight\">03.<\/span> ``\u0130nsan ve bitki sa\u011fl\u0131\u011f\u0131na olumsuz etkisi var m\u0131d\u0131r?``\t\t\t<\/h3>\n\t\t        \t\t\t\t\t<p class=\"mkdf-st-text\" style=\"margin-top: 22px\">\n\t\t\t\t\u00dcretim esnas\u0131nda sa\u011fl\u0131\u011fa ve \u00e7evreye zararl\u0131 kimyasal katk\u0131 kullan\u0131lmamaktad\u0131r.\t\t\t<\/p>\n\t\t\t<\/div>\n<\/div>[vc_empty_space height=&#8221;55px&#8221;][\/vc_column][\/vc_row][vc_row anchor=&#8221;solutions&#8221;][vc_column width=&#8221;1\/12&#8243; offset=&#8221;vc_hidden-md vc_hidden-sm vc_hidden-xs&#8221;][\/vc_column][vc_column offset=&#8221;vc_col-lg-11 vc_col-md-12 vc_col-xs-12&#8243;]<div class=\"mkdf-section-title-holder   mkdf-st-subtitle-pos-under\" >\n\t<div class=\"mkdf-st-inner\">\n\t\t\t\t\t\t\t<h3 class=\"mkdf-st-title\" >\n\t\t\t\t<span class=\"mkdf-st-title-highlight\">04.<\/span> ``\u0130\u00e7 mek\u00e2nda kullanabilir miyim?``\t\t\t<\/h3>\n\t\t        \t\t\t\t\t<p class=\"mkdf-st-text\" style=\"margin-top: 22px\">\n\t\t\t\tDo\u011fal ta\u015f g\u00f6r\u00fcn\u00fcml\u00fc d\u0131\u015f y\u00fczeyi sayesinde her t\u00fcrl\u00fc dekorasyon ve mimari projede tercih sebebi olan \u00fcr\u00fcnlerimiz, i\u00e7 ve d\u0131\u015f mek\u00e2nda rahatl\u0131kla kullan\u0131labilir.\t\t\t<\/p>\n\t\t\t<\/div>\n<\/div>[vc_empty_space height=&#8221;55px&#8221;][\/vc_column][\/vc_row][vc_row anchor=&#8221;solutions&#8221;][vc_column width=&#8221;1\/12&#8243; offset=&#8221;vc_hidden-md vc_hidden-sm vc_hidden-xs&#8221;][\/vc_column][vc_column offset=&#8221;vc_col-lg-11 vc_col-md-12 vc_col-xs-12&#8243;]<div class=\"mkdf-section-title-holder   mkdf-st-subtitle-pos-under\" >\n\t<div class=\"mkdf-st-inner\">\n\t\t\t\t\t\t\t<h3 class=\"mkdf-st-title\" >\n\t\t\t\t<span class=\"mkdf-st-title-highlight\">05.<\/span> ``Nas\u0131l sipari\u015f verebilirim?``\t\t\t<\/h3>\n\t\t        \t\t\t\t\t<p class=\"mkdf-st-text\" style=\"margin-top: 22px\">\n\t\t\t\tTelefonla, e-posta ile ya da sosyal medya hesaplar\u0131 \u00fczerinden do\u011frudan mesaj yoluyla sipari\u015f verebilirsiniz. Model ad\u0131yla birlikte, \u00f6l\u00e7\u00fc ya da kod numaras\u0131, renk tercihi ve adet belirtmeyi unutmay\u0131n\u0131z.\t\t\t<\/p>\n\t\t\t<\/div>\n<\/div>[vc_empty_space height=&#8221;55px&#8221;][\/vc_column][\/vc_row][vc_row anchor=&#8221;solutions&#8221;][vc_column width=&#8221;1\/12&#8243; offset=&#8221;vc_hidden-md vc_hidden-sm vc_hidden-xs&#8221;][\/vc_column][vc_column offset=&#8221;vc_col-lg-11 vc_col-md-12 vc_col-xs-12&#8243;]<div class=\"mkdf-section-title-holder   mkdf-st-subtitle-pos-under\" >\n\t<div class=\"mkdf-st-inner\">\n\t\t\t\t\t\t\t<h3 class=\"mkdf-st-title\" >\n\t\t\t\t<span class=\"mkdf-st-title-highlight\">06.<\/span> ``Sipari\u015fim ne kadar s\u00fcrede teslim edilir?``\t\t\t<\/h3>\n\t\t        \t\t\t\t\t<p class=\"mkdf-st-text\" style=\"margin-top: 22px\">\n\t\t\t\tTalep edilen saks\u0131 miktar\u0131na g\u00f6re de\u011fi\u015fiklik g\u00f6sterir. Standart uygulamam\u0131z yedi g\u00fcnden ba\u015flamaktad\u0131r. Kesin tarih, sipari\u015finiz onayland\u0131ktan sonra, ilgili ki\u015fi taraf\u0131ndan bildirilecektir.\t\t\t<\/p>\n\t\t\t<\/div>\n<\/div>[vc_empty_space height=&#8221;55px&#8221;][\/vc_column][\/vc_row][vc_row anchor=&#8221;beautiful&#8221;][vc_column width=&#8221;1\/12&#8243; offset=&#8221;vc_hidden-md vc_hidden-sm vc_hidden-xs&#8221;][\/vc_column][vc_column offset=&#8221;vc_col-lg-11 vc_col-md-12 vc_col-xs-12&#8243;]<div class=\"mkdf-section-title-holder   mkdf-st-subtitle-pos-under\" >\n\t<div class=\"mkdf-st-inner\">\n\t\t\t\t\t\t\t<h3 class=\"mkdf-st-title\" >\n\t\t\t\t<span class=\"mkdf-st-title-highlight\">07.<\/span> ``Kargo size mi ait?``\t\t\t<\/h3>\n\t\t        \t\t\t\t\t<p class=\"mkdf-st-text\" style=\"margin-top: 22px\">\n\t\t\t\tKargo, al\u0131c\u0131 \u00f6demelidir.\t\t\t<\/p>\n\t\t\t<\/div>\n<\/div>[vc_empty_space height=&#8221;55px&#8221;][\/vc_column][\/vc_row][vc_row anchor=&#8221;solutions&#8221;][vc_column width=&#8221;1\/12&#8243; offset=&#8221;vc_hidden-md vc_hidden-sm vc_hidden-xs&#8221;][\/vc_column][vc_column offset=&#8221;vc_col-lg-11 vc_col-md-12 vc_col-xs-12&#8243;]<div class=\"mkdf-section-title-holder   mkdf-st-subtitle-pos-under\" >\n\t<div class=\"mkdf-st-inner\">\n\t\t\t\t\t\t\t<h3 class=\"mkdf-st-title\" >\n\t\t\t\t<span class=\"mkdf-st-title-highlight\">08.<\/span> ``\u00d6deme i\u015flemi nas\u0131l oluyor?``\t\t\t<\/h3>\n\t\t        \t\t\t\t\t<p class=\"mkdf-st-text\" style=\"margin-top: 22px\">\n\t\t\t\tHavale\/EFT \u00fczerinden ya da ``Mail Order`` ile \u00f6deme al\u0131nabilmektedir. At\u00f6lyeden teslim edilen \u00fcr\u00fcnler i\u00e7in nakit\/kart \u00f6deme se\u00e7ene\u011fimiz de bulunmaktad\u0131r.\t\t\t<\/p>\n\t\t\t<\/div>\n<\/div>[vc_empty_space height=&#8221;55px&#8221;][\/vc_column][\/vc_row][vc_row anchor=&#8221;celebrations&#8221;][vc_column width=&#8221;1\/12&#8243; offset=&#8221;vc_hidden-md vc_hidden-sm vc_hidden-xs&#8221;][\/vc_column][vc_column offset=&#8221;vc_col-lg-11 vc_col-md-12 vc_col-xs-12&#8243;]<div class=\"mkdf-section-title-holder   mkdf-st-subtitle-pos-under\" >\n\t<div class=\"mkdf-st-inner\">\n\t\t\t\t\t\t\t<h3 class=\"mkdf-st-title\" >\n\t\t\t\t<span class=\"mkdf-st-title-highlight\">09.<\/span> ``Toptan sat\u0131\u015f\u0131n\u0131z var m\u0131d\u0131r?``\t\t\t<\/h3>\n\t\t        \t\t\t\t\t<p class=\"mkdf-st-text\" style=\"margin-top: 22px\">\n\t\t\t\tToptan ve perakende sat\u0131\u015flar\u0131m\u0131z bulunmaktad\u0131r.\t\t\t<\/p>\n\t\t\t<\/div>\n<\/div>[vc_empty_space height=&#8221;55px&#8221;][\/vc_column][\/vc_row][vc_row anchor=&#8221;unique&#8221;][vc_column width=&#8221;1\/12&#8243; offset=&#8221;vc_hidden-md vc_hidden-sm vc_hidden-xs&#8221;][\/vc_column][vc_column offset=&#8221;vc_col-lg-11 vc_col-md-12 vc_col-xs-12&#8243;]<div class=\"mkdf-section-title-holder   mkdf-st-subtitle-pos-under\" >\n\t<div class=\"mkdf-st-inner\">\n\t\t\t\t\t\t\t<h3 class=\"mkdf-st-title\" >\n\t\t\t\t<span class=\"mkdf-st-title-highlight\">10.<\/span> ``Yurt d\u0131\u015f\u0131na sat\u0131\u015f\u0131n\u0131z var m\u0131d\u0131r?``\t\t\t<\/h3>\n\t\t        \t\t\t\t\t<p class=\"mkdf-st-text\" style=\"margin-top: 22px\">\n\t\t\t\tToplu al\u0131mlarda sat\u0131\u015f\u0131m\u0131z bulunmaktad\u0131r.\t\t\t<\/p>\n\t\t\t<\/div>\n<\/div>[vc_empty_space height=&#8221;55px&#8221;][\/vc_column][\/vc_row][vc_row anchor=&#8221;thoughts&#8221;][vc_column width=&#8221;1\/12&#8243; offset=&#8221;vc_hidden-md vc_hidden-sm vc_hidden-xs&#8221;][\/vc_column][vc_column offset=&#8221;vc_col-lg-11 vc_col-md-12 vc_col-xs-12&#8243;]<div class=\"mkdf-section-title-holder   mkdf-st-subtitle-pos-under\" >\n\t<div class=\"mkdf-st-inner\">\n\t\t\t\t\t\t\t<h3 class=\"mkdf-st-title\" >\n\t\t\t\t<span class=\"mkdf-st-title-highlight\">10.<\/span> ``\u00dcr\u00fcnleri at\u00f6lyeden teslim alabiliyor muyuz?``\t\t\t<\/h3>\n\t\t        \t\t\t\t\t<p class=\"mkdf-st-text\" style=\"margin-top: 22px\">\n\t\t\t\tSipari\u015flerinizi, at\u00f6lyemizden teslim alabilirsiniz.\t\t\t<\/p>\n\t\t\t<\/div>\n<\/div>[vc_empty_space height=&#8221;55px&#8221;][\/vc_column][\/vc_row][vc_row anchor=&#8221;solutions&#8221;][vc_column width=&#8221;1\/12&#8243; offset=&#8221;vc_hidden-md vc_hidden-sm vc_hidden-xs&#8221;][\/vc_column][vc_column offset=&#8221;vc_col-lg-11 vc_col-md-12 vc_col-xs-12&#8243;]<div class=\"mkdf-section-title-holder   mkdf-st-subtitle-pos-under\" >\n\t<div class=\"mkdf-st-inner\">\n\t\t\t\t\t\t\t<h3 class=\"mkdf-st-title\" >\n\t\t\t\t<span class=\"mkdf-st-title-highlight\">12.<\/span> ``\u00dcr\u00fcnlerinizi g\u00f6rebilece\u011fimiz bir ma\u011fazan\u0131z var m\u0131d\u0131r?``\t\t\t<\/h3>\n\t\t        \t\t\t\t\t<p class=\"mkdf-st-text\" style=\"margin-top: 22px\">\n\t\t\t\tAt\u00f6lyemizi ziyaret ederek te\u015fhir stand\u0131m\u0131zda bulunan \u00fcr\u00fcnleri inceleyebilir, her t\u00fcr detay\u0131 bire bir g\u00f6rebilirsiniz.\t\t\t<\/p>\n\t\t\t<\/div>\n<\/div>[vc_empty_space height=&#8221;55px&#8221;][\/vc_column][\/vc_row][vc_row anchor=&#8221;solutions&#8221;][vc_column width=&#8221;1\/12&#8243; offset=&#8221;vc_hidden-md vc_hidden-sm vc_hidden-xs&#8221;][\/vc_column][vc_column offset=&#8221;vc_col-lg-11 vc_col-md-12 vc_col-xs-12&#8243;]<div class=\"mkdf-section-title-holder   mkdf-st-subtitle-pos-under\" >\n\t<div class=\"mkdf-st-inner\">\n\t\t\t\t\t\t\t<h3 class=\"mkdf-st-title\" >\n\t\t\t\t<span class=\"mkdf-st-title-highlight\">13.<\/span> ``Listede bulunan \u00f6l\u00e7\u00fclerin d\u0131\u015f\u0131na \u00e7\u0131kabiliyor muyuz?``\t\t\t<\/h3>\n\t\t        \t\t\t\t\t<p class=\"mkdf-st-text\" style=\"margin-top: 22px\">\n\t\t\t\tKal\u0131plara s\u0131\u011fmayanlar i\u00e7in \u00e7\u00f6z\u00fcm \u00f6nerimiz var elbette. Hayallerinize; ya\u015fam alanlar\u0131n\u0131za ve en \u00f6nemlisi de bitkilerinizin ihtiya\u00e7lar\u0131na uygun tasar\u0131mlar i\u00e7in bizi tercih edebilirsiniz.\t\t\t<\/p>\n\t\t\t<\/div>\n<\/div>[vc_empty_space height=&#8221;55px&#8221;][\/vc_column][\/vc_row][vc_row anchor=&#8221;solutions&#8221;][vc_column width=&#8221;1\/12&#8243; offset=&#8221;vc_hidden-md vc_hidden-sm vc_hidden-xs&#8221;][\/vc_column][vc_column offset=&#8221;vc_col-lg-11 vc_col-md-12 vc_col-xs-12&#8243;]<div class=\"mkdf-section-title-holder   mkdf-st-subtitle-pos-under\" >\n\t<div class=\"mkdf-st-inner\">\n\t\t\t\t\t\t\t<h3 class=\"mkdf-st-title\" >\n\t\t\t\t<span class=\"mkdf-st-title-highlight\">14.<\/span> ``Renk se\u00e7enekleri nelerdir?``\t\t\t<\/h3>\n\t\t        \t\t\t\t\t<p class=\"mkdf-st-text\" style=\"margin-top: 22px\">\n\t\t\t\tDo\u011fal renklerimiz antrasit, beyaz, gri, k\u0131rm\u0131z\u0131, krem, sar\u0131 ve ye\u015fildir. Bir de d\u0131\u015ftan boyama siyah rengimiz mevcut, ama paletimiz bunlarla s\u0131n\u0131rl\u0131 de\u011fil. Bildirece\u011finiz RAL kodu \u00fczerinden hareketle su bazl\u0131 boya uygulayarak hemen her renkte saks\u0131 talebinizi kar\u015f\u0131layabilmekteyiz.\t\t\t<\/p>\n\t\t\t<\/div>\n<\/div>[vc_empty_space height=&#8221;55px&#8221;][\/vc_column][\/vc_row]<\/p>","protected":false},"excerpt":{"rendered":"<p>[vc_row anchor=&#8221;magnificence&#8221;][vc_column width=&#8221;1\/12&#8243; offset=&#8221;vc_hidden-md vc_hidden-sm vc_hidden-xs&#8221;][\/vc_column][vc_column offset=&#8221;vc_col-lg-11 vc_col-md-12 vc_col-xs-12&#8243;][vc_empty_space height=&#8221;55px&#8221;][\/vc_column][\/vc_row][vc_row anchor=&#8221;solutions&#8221;][vc_column width=&#8221;1\/12&#8243; offset=&#8221;vc_hidden-md vc_hidden-sm vc_hidden-xs&#8221;][\/vc_column][vc_column offset=&#8221;vc_col-lg-11 vc_col-md-12 vc_col-xs-12&#8243;][vc_empty_space height=&#8221;55px&#8221;][\/vc_column][\/vc_row][vc_row anchor=&#8221;solutions&#8221;][vc_column width=&#8221;1\/12&#8243; offset=&#8221;vc_hidden-md vc_hidden-sm vc_hidden-xs&#8221;][\/vc_column][vc_column offset=&#8221;vc_col-lg-11 vc_col-md-12 vc_col-xs-12&#8243;][vc_empty_space height=&#8221;55px&#8221;][\/vc_column][\/vc_row][vc_row anchor=&#8221;solutions&#8221;][vc_column width=&#8221;1\/12&#8243; offset=&#8221;vc_hidden-md vc_hidden-sm vc_hidden-xs&#8221;][\/vc_column][vc_column offset=&#8221;vc_col-lg-11 vc_col-md-12 vc_col-xs-12&#8243;][vc_empty_space height=&#8221;55px&#8221;][\/vc_column][\/vc_row][vc_row anchor=&#8221;solutions&#8221;][vc_column width=&#8221;1\/12&#8243; offset=&#8221;vc_hidden-md [&hellip;]<\/p>","protected":false},"author":1,"featured_media":0,"parent":0,"menu_order":0,"comment_status":"closed","ping_status":"closed","template":"","meta":{"footnotes":""},"class_list":["post-799","page","type-page","status-publish","hentry"],"_links":{"self":[{"href":"https:\/\/saksitas.com\/en\/wp-json\/wp\/v2\/pages\/799","targetHints":{"allow":["GET"]}}],"collection":[{"href":"https:\/\/saksitas.com\/en\/wp-json\/wp\/v2\/pages"}],"about":[{"href":"https:\/\/saksitas.com\/en\/wp-json\/wp\/v2\/types\/page"}],"author":[{"embeddable":true,"href":"https:\/\/saksitas.com\/en\/wp-json\/wp\/v2\/users\/1"}],"replies":[{"embeddable":true,"href":"https:\/\/saksitas.com\/en\/wp-json\/wp\/v2\/comments?post=799"}],"version-history":[{"count":21,"href":"https:\/\/saksitas.com\/en\/wp-json\/wp\/v2\/pages\/799\/revisions"}],"predecessor-version":[{"id":3470,"href":"https:\/\/saksitas.com\/en\/wp-json\/wp\/v2\/pages\/799\/revisions\/3470"}],"wp:attachment":[{"href":"https:\/\/saksitas.com\/en\/wp-json\/wp\/v2\/media?parent=799"}],"curies":[{"name":"wp","href":"https:\/\/api.w.org\/{rel}","templated":true}]}}