{"id":942,"date":"2022-12-15T14:39:16","date_gmt":"2022-12-15T11:39:16","guid":{"rendered":"http:\/\/fiorello.mikado-themes.com\/?page_id=942"},"modified":"2022-12-19T10:47:23","modified_gmt":"2022-12-19T07:47:23","slug":"hakkimizda","status":"publish","type":"page","link":"https:\/\/saksitas.com\/en\/hakkimizda\/","title":{"rendered":"Hakk\u0131m\u0131zda"},"content":{"rendered":"<p>[vc_row row_content_width=&#8221;grid&#8221; css=&#8221;.vc_custom_1526291177080{padding-top: 80px !important;padding-bottom: 120px !important;}&#8221;][vc_column]<div class=\"mkdf-elements-holder   mkdf-two-columns  mkdf-responsive-mode-1024\" ><div class=\"mkdf-eh-item  mkdf-vertical-alignment-top\"  data-item-class=\"mkdf-eh-custom-3343\" data-1024-1366=\"0px 10% 0px 0px\" data-768-1024=\"0px 29% 80px 0px\" data-680-768=\"0px 17% 80px 0px\" data-680=\"0px 0% 80px 0px\">\n\t<div class=\"mkdf-eh-item-background-image\" ><\/div>\n        <div class=\"mkdf-eh-item-inner\">\n\t\t<div class=\"mkdf-eh-item-content mkdf-eh-custom-3343\" style=\"padding: 28px 10% 0px 0px\">\n\t\t\t[vc_column_text]<img loading=\"lazy\" decoding=\"async\" class=\"size-medium wp-image-3322 alignright\" src=\"http:\/\/saksitas.com\/wp-content\/uploads\/2018\/05\/Halko-1-300x300.jpg\" alt=\"\" width=\"300\" height=\"300\" srcset=\"https:\/\/saksitas.com\/wp-content\/uploads\/2018\/05\/Halko-1-300x300.jpg 300w, https:\/\/saksitas.com\/wp-content\/uploads\/2018\/05\/Halko-1-1024x1024.jpg 1024w, https:\/\/saksitas.com\/wp-content\/uploads\/2018\/05\/Halko-1-150x150.jpg 150w, https:\/\/saksitas.com\/wp-content\/uploads\/2018\/05\/Halko-1-768x768.jpg 768w, https:\/\/saksitas.com\/wp-content\/uploads\/2018\/05\/Halko-1-650x650.jpg 650w, https:\/\/saksitas.com\/wp-content\/uploads\/2018\/05\/Halko-1-600x600.jpg 600w, https:\/\/saksitas.com\/wp-content\/uploads\/2018\/05\/Halko-1-100x100.jpg 100w, https:\/\/saksitas.com\/wp-content\/uploads\/2018\/05\/Halko-1.jpg 1200w\" sizes=\"auto, (max-width: 300px) 100vw, 300px\" \/>Yirmi y\u0131l\u0131 a\u015fk\u0131n s\u00fcredir, yurt i\u00e7i ve yurt d\u0131\u015f\u0131nda, beton kent mobilyalar\u0131 \u00fczerine elde etti\u011fi tecr\u00fcbeyi 2019 itibariyle &#8220;fiberstone (hafif beton)&#8221; saks\u0131 \u00fcretimine a\u011f\u0131rl\u0131k vererek s\u00fcrd\u00fcren Saks\u0131ta\u015f, klasik ve modern \u00e7izgideki modelleriyle alan\u0131nda en \u00e7ok \u00e7e\u015fit bulunduran \u00fcretici konumundad\u0131r.<\/p>\n<p>Bunun yan\u0131 s\u0131ra, \u0130stanbul&#8217;un farkl\u0131 noktalar\u0131nda faaliyette bulunan \u00fcretim alanlar\u0131nda; yine hafif betondan mamul olmak \u00fczere; i\u00e7 ve d\u0131\u015f mek\u00e2n kullan\u0131m\u0131na uygun mobilya (Masa, sehpa vb.), park ve bah\u00e7e malzemeleri ile aksesuarlar\u0131n\u0131 da sizlerin be\u011fenisine sunmaktay\u0131z.<\/p>\n<p>Kurulu\u015fundan bu yana, uluslararas\u0131 standartlar\u0131 g\u00f6zeterek \u00fcretim ve sat\u0131\u015f yapmay\u0131 benimseyen markam\u0131z, bug\u00fcn geldi\u011fi noktada, ula\u015ft\u0131\u011f\u0131 kalite ve standartlar\u0131, d\u00fcnyaya yaymak gayesindedir. O y\u00fczden, s\u0131radan hafif beton \u00fcr\u00fcnler ortaya \u00e7\u0131karmakla yetinmiyoruz. \u00d6zel d\u00f6k\u00fcm teknikleri ve el i\u015f\u00e7ili\u011finin ard\u0131ndan birka\u00e7 a\u015famadan ge\u00e7en saks\u0131lar\u0131m\u0131z\u0131, do\u011fal ta\u015f g\u00f6r\u00fcn\u00fcml\u00fc dokuya kavu\u015fturarak benzerlerinden farkl\u0131 k\u0131l\u0131yoruz.[\/vc_column_text]\t\t<\/div>\n\t<\/div>\n<\/div><\/div>[\/vc_column][\/vc_row]<\/p>","protected":false},"excerpt":{"rendered":"<p>[vc_row row_content_width=&#8221;grid&#8221; css=&#8221;.vc_custom_1526291177080{padding-top: 80px !important;padding-bottom: 120px !important;}&#8221;][vc_column][\/vc_column][\/vc_row]<\/p>","protected":false},"author":1,"featured_media":0,"parent":0,"menu_order":0,"comment_status":"closed","ping_status":"closed","template":"full-width.php","meta":{"footnotes":""},"class_list":["post-942","page","type-page","status-publish","hentry"],"_links":{"self":[{"href":"https:\/\/saksitas.com\/en\/wp-json\/wp\/v2\/pages\/942","targetHints":{"allow":["GET"]}}],"collection":[{"href":"https:\/\/saksitas.com\/en\/wp-json\/wp\/v2\/pages"}],"about":[{"href":"https:\/\/saksitas.com\/en\/wp-json\/wp\/v2\/types\/page"}],"author":[{"embeddable":true,"href":"https:\/\/saksitas.com\/en\/wp-json\/wp\/v2\/users\/1"}],"replies":[{"embeddable":true,"href":"https:\/\/saksitas.com\/en\/wp-json\/wp\/v2\/comments?post=942"}],"version-history":[{"count":12,"href":"https:\/\/saksitas.com\/en\/wp-json\/wp\/v2\/pages\/942\/revisions"}],"predecessor-version":[{"id":3472,"href":"https:\/\/saksitas.com\/en\/wp-json\/wp\/v2\/pages\/942\/revisions\/3472"}],"wp:attachment":[{"href":"https:\/\/saksitas.com\/en\/wp-json\/wp\/v2\/media?parent=942"}],"curies":[{"name":"wp","href":"https:\/\/api.w.org\/{rel}","templated":true}]}}