{"id":3069,"date":"2022-09-09T09:58:43","date_gmt":"2022-09-09T06:58:43","guid":{"rendered":"http:\/\/saksitas.com\/?post_type=product&#038;p=3069"},"modified":"2025-04-16T09:57:10","modified_gmt":"2025-04-16T06:57:10","slug":"ave","status":"publish","type":"product","link":"https:\/\/saksitas.com\/en\/product\/ave\/","title":{"rendered":"AVE"},"content":{"rendered":"<ul>\n<li>Fiyatlar\u0131m\u0131za KDV d\u00e2hil de\u011fildir.<\/li>\n<\/ul>\n<p><img loading=\"lazy\" decoding=\"async\" class=\"alignleft size-full wp-image-3834\" src=\"https:\/\/saksitas.com\/wp-content\/uploads\/2022\/09\/24_04_AVE-1-1.jpeg\" alt=\"\" width=\"658\" height=\"174\" srcset=\"https:\/\/saksitas.com\/wp-content\/uploads\/2022\/09\/24_04_AVE-1-1.jpeg 658w, https:\/\/saksitas.com\/wp-content\/uploads\/2022\/09\/24_04_AVE-1-1-300x79.jpeg 300w, https:\/\/saksitas.com\/wp-content\/uploads\/2022\/09\/24_04_AVE-1-1-600x159.jpeg 600w\" sizes=\"auto, (max-width: 658px) 100vw, 658px\" \/><\/p>","protected":false},"excerpt":{"rendered":"<p>Saks\u0131ta\u015f \u00fcr\u00fcn ailesinin g\u00f6z al\u0131c\u0131 \u00e7e\u015fidi \u201c<strong>Ave<\/strong>\u201d farkl\u0131 renk ve \u00f6l\u00e7\u00fc se\u00e7enekleriyle ya\u015fam alanlar\u0131n\u0131z\u0131 farkl\u0131la\u015ft\u0131rmak i\u00e7in sipari\u015finizi bekliyor.<\/p>\n<p><strong>RENK:<\/strong> Antrasit \u2013 Bej &#8211; Beyaz \u2013 Gri \u2013 K\u0131rm\u0131z\u0131 \u2013 Krem \u2013 Sar\u0131 \u2013 Siyah \u2013 Ye\u015fil<\/p>","protected":false},"featured_media":3488,"template":"","meta":[],"product_cat":[15],"product_tag":[],"class_list":["post-3069","product","type-product","status-publish","has-post-thumbnail","hentry","product_cat-urunlerimiz"],"_links":{"self":[{"href":"https:\/\/saksitas.com\/en\/wp-json\/wp\/v2\/product\/3069","targetHints":{"allow":["GET"]}}],"collection":[{"href":"https:\/\/saksitas.com\/en\/wp-json\/wp\/v2\/product"}],"about":[{"href":"https:\/\/saksitas.com\/en\/wp-json\/wp\/v2\/types\/product"}],"wp:featuredmedia":[{"embeddable":true,"href":"https:\/\/saksitas.com\/en\/wp-json\/wp\/v2\/media\/3488"}],"wp:attachment":[{"href":"https:\/\/saksitas.com\/en\/wp-json\/wp\/v2\/media?parent=3069"}],"wp:term":[{"taxonomy":"product_cat","embeddable":true,"href":"https:\/\/saksitas.com\/en\/wp-json\/wp\/v2\/product_cat?post=3069"},{"taxonomy":"product_tag","embeddable":true,"href":"https:\/\/saksitas.com\/en\/wp-json\/wp\/v2\/product_tag?post=3069"}],"curies":[{"name":"wp","href":"https:\/\/api.w.org\/{rel}","templated":true}]}}