{"id":3081,"date":"2022-09-09T10:12:02","date_gmt":"2022-09-09T07:12:02","guid":{"rendered":"http:\/\/saksitas.com\/?post_type=product&#038;p=3081"},"modified":"2025-04-16T10:10:14","modified_gmt":"2025-04-16T07:10:14","slug":"egrisel-konik","status":"publish","type":"product","link":"https:\/\/saksitas.com\/en\/product\/egrisel-konik\/","title":{"rendered":"E\u011eR\u0130SEL KON\u0130K"},"content":{"rendered":"<ul>\n<li>Fiyatlar\u0131m\u0131za KDV d\u00e2hil de\u011fildir.<\/li>\n<\/ul>\n<p><img loading=\"lazy\" decoding=\"async\" class=\"alignleft size-full wp-image-3843\" src=\"https:\/\/saksitas.com\/wp-content\/uploads\/2023\/02\/24_04_EGRISEL_KONIK-1.jpeg\" alt=\"\" width=\"677\" height=\"237\" srcset=\"https:\/\/saksitas.com\/wp-content\/uploads\/2023\/02\/24_04_EGRISEL_KONIK-1.jpeg 677w, https:\/\/saksitas.com\/wp-content\/uploads\/2023\/02\/24_04_EGRISEL_KONIK-1-300x105.jpeg 300w, https:\/\/saksitas.com\/wp-content\/uploads\/2023\/02\/24_04_EGRISEL_KONIK-1-600x210.jpeg 600w\" sizes=\"auto, (max-width: 677px) 100vw, 677px\" \/><\/p>","protected":false},"excerpt":{"rendered":"<div class=\"woocommerce-product-details__short-description\">\n<p>Saks\u0131ta\u015f \u00fcr\u00fcn ailesinin g\u00f6z al\u0131c\u0131 modeli \u201c<strong>E\u011frisel Konik<\/strong>\u201d farkl\u0131 renk ve \u00f6l\u00e7\u00fc se\u00e7enekleriyle ya\u015fam alanlar\u0131n\u0131z\u0131 farkl\u0131la\u015ft\u0131rmak i\u00e7in sipari\u015finizi bekliyor.<\/p>\n<div class=\"woocommerce-product-details__short-description\">\n<p><strong>RENK:<\/strong> Antrasit \u2013 Bej \u2013 Beyaz \u2013 Gri \u2013 K\u0131rm\u0131z\u0131 \u2013 Krem \u2013 Sar\u0131 \u2013 Siyah \u2013 Ye\u015fil<\/p>\n<\/div>\n<\/div>\n<div class=\"product_meta\"><\/div>","protected":false},"featured_media":3567,"template":"","meta":[],"product_cat":[15],"product_tag":[],"class_list":["post-3081","product","type-product","status-publish","has-post-thumbnail","hentry","product_cat-urunlerimiz"],"_links":{"self":[{"href":"https:\/\/saksitas.com\/en\/wp-json\/wp\/v2\/product\/3081","targetHints":{"allow":["GET"]}}],"collection":[{"href":"https:\/\/saksitas.com\/en\/wp-json\/wp\/v2\/product"}],"about":[{"href":"https:\/\/saksitas.com\/en\/wp-json\/wp\/v2\/types\/product"}],"wp:featuredmedia":[{"embeddable":true,"href":"https:\/\/saksitas.com\/en\/wp-json\/wp\/v2\/media\/3567"}],"wp:attachment":[{"href":"https:\/\/saksitas.com\/en\/wp-json\/wp\/v2\/media?parent=3081"}],"wp:term":[{"taxonomy":"product_cat","embeddable":true,"href":"https:\/\/saksitas.com\/en\/wp-json\/wp\/v2\/product_cat?post=3081"},{"taxonomy":"product_tag","embeddable":true,"href":"https:\/\/saksitas.com\/en\/wp-json\/wp\/v2\/product_tag?post=3081"}],"curies":[{"name":"wp","href":"https:\/\/api.w.org\/{rel}","templated":true}]}}