{"id":3097,"date":"2022-09-09T12:39:46","date_gmt":"2022-09-09T09:39:46","guid":{"rendered":"http:\/\/saksitas.com\/?post_type=product&#038;p=3097"},"modified":"2025-04-16T15:01:18","modified_gmt":"2025-04-16T12:01:18","slug":"kofin","status":"publish","type":"product","link":"https:\/\/saksitas.com\/en\/product\/kofin\/","title":{"rendered":"KOF\u0130N"},"content":{"rendered":"<p><img loading=\"lazy\" decoding=\"async\" class=\"alignleft size-full wp-image-3855\" src=\"https:\/\/saksitas.com\/wp-content\/uploads\/2023\/02\/24_04_KOFIN-1.jpeg\" alt=\"\" width=\"679\" height=\"259\" srcset=\"https:\/\/saksitas.com\/wp-content\/uploads\/2023\/02\/24_04_KOFIN-1.jpeg 679w, https:\/\/saksitas.com\/wp-content\/uploads\/2023\/02\/24_04_KOFIN-1-300x114.jpeg 300w, https:\/\/saksitas.com\/wp-content\/uploads\/2023\/02\/24_04_KOFIN-1-600x229.jpeg 600w\" sizes=\"auto, (max-width: 679px) 100vw, 679px\" \/><\/p>","protected":false},"excerpt":{"rendered":"<div class=\"woocommerce-product-details__short-description\">\n<p>Saks\u0131ta\u015f \u00fcr\u00fcn ailesinin g\u00f6z al\u0131c\u0131 \u00e7e\u015fidi \u201c<strong>Kofin<\/strong>\u201d farkl\u0131 renk ve \u00f6l\u00e7\u00fc se\u00e7enekleriyle ya\u015fam alanlar\u0131n\u0131z\u0131 farkl\u0131la\u015ft\u0131rmak i\u00e7in sipari\u015finizi bekliyor.<\/p>\n<div class=\"woocommerce-product-details__short-description\">\n<p><strong>RENK:<\/strong> Antrasit \u2013 Bej \u2013 Beyaz \u2013 Gri \u2013 K\u0131rm\u0131z\u0131 \u2013 Krem \u2013 Sar\u0131 \u2013 Siyah \u2013 Ye\u015fil<\/p>\n<\/div>\n<\/div>\n<div class=\"product_meta\"><\/div>","protected":false},"featured_media":3351,"template":"","meta":[],"product_cat":[15],"product_tag":[],"class_list":["post-3097","product","type-product","status-publish","has-post-thumbnail","hentry","product_cat-urunlerimiz"],"_links":{"self":[{"href":"https:\/\/saksitas.com\/en\/wp-json\/wp\/v2\/product\/3097","targetHints":{"allow":["GET"]}}],"collection":[{"href":"https:\/\/saksitas.com\/en\/wp-json\/wp\/v2\/product"}],"about":[{"href":"https:\/\/saksitas.com\/en\/wp-json\/wp\/v2\/types\/product"}],"wp:featuredmedia":[{"embeddable":true,"href":"https:\/\/saksitas.com\/en\/wp-json\/wp\/v2\/media\/3351"}],"wp:attachment":[{"href":"https:\/\/saksitas.com\/en\/wp-json\/wp\/v2\/media?parent=3097"}],"wp:term":[{"taxonomy":"product_cat","embeddable":true,"href":"https:\/\/saksitas.com\/en\/wp-json\/wp\/v2\/product_cat?post=3097"},{"taxonomy":"product_tag","embeddable":true,"href":"https:\/\/saksitas.com\/en\/wp-json\/wp\/v2\/product_tag?post=3097"}],"curies":[{"name":"wp","href":"https:\/\/api.w.org\/{rel}","templated":true}]}}