{"id":3487,"date":"2023-02-11T12:39:51","date_gmt":"2023-02-11T09:39:51","guid":{"rendered":"https:\/\/saksitas.com\/?post_type=product&#038;p=3487"},"modified":"2025-04-16T09:56:30","modified_gmt":"2025-04-16T06:56:30","slug":"agen","status":"publish","type":"product","link":"https:\/\/saksitas.com\/en\/product\/agen\/","title":{"rendered":"AGEN"},"content":{"rendered":"<ul>\n<li>Fiyatlar\u0131m\u0131za KDV d\u00e2hil de\u011fildir.<\/li>\n<\/ul>\n<p><img loading=\"lazy\" decoding=\"async\" class=\"alignleft size-full wp-image-3832\" src=\"https:\/\/saksitas.com\/wp-content\/uploads\/2023\/02\/24_04_AGEN-2-1.jpeg\" alt=\"\" width=\"688\" height=\"195\" srcset=\"https:\/\/saksitas.com\/wp-content\/uploads\/2023\/02\/24_04_AGEN-2-1.jpeg 688w, https:\/\/saksitas.com\/wp-content\/uploads\/2023\/02\/24_04_AGEN-2-1-300x85.jpeg 300w, https:\/\/saksitas.com\/wp-content\/uploads\/2023\/02\/24_04_AGEN-2-1-600x170.jpeg 600w\" sizes=\"auto, (max-width: 688px) 100vw, 688px\" \/><\/p>","protected":false},"excerpt":{"rendered":"<p>Saks\u0131ta\u015f \u00fcr\u00fcn ailesinin g\u00f6z al\u0131c\u0131 \u00e7e\u015fidi &#8220;<strong>Agen<\/strong>&#8221; farkl\u0131 renk ve \u00f6l\u00e7\u00fc se\u00e7enekleriyle ya\u015fam alanlar\u0131n\u0131z\u0131 farkl\u0131la\u015ft\u0131rmak i\u00e7in sipari\u015finizi bekliyor.<\/p>\n<div class=\"woocommerce-product-details__short-description\">\n<p><strong>RENK:<\/strong> Antrasit \u2013 Bej &#8211; Beyaz \u2013 Gri \u2013 K\u0131rm\u0131z\u0131 \u2013 Krem \u2013 Sar\u0131 \u2013 Siyah \u2013 Ye\u015fil<\/p>\n<\/div>","protected":false},"featured_media":3491,"template":"","meta":[],"product_cat":[15],"product_tag":[],"class_list":["post-3487","product","type-product","status-publish","has-post-thumbnail","hentry","product_cat-urunlerimiz"],"_links":{"self":[{"href":"https:\/\/saksitas.com\/en\/wp-json\/wp\/v2\/product\/3487","targetHints":{"allow":["GET"]}}],"collection":[{"href":"https:\/\/saksitas.com\/en\/wp-json\/wp\/v2\/product"}],"about":[{"href":"https:\/\/saksitas.com\/en\/wp-json\/wp\/v2\/types\/product"}],"wp:featuredmedia":[{"embeddable":true,"href":"https:\/\/saksitas.com\/en\/wp-json\/wp\/v2\/media\/3491"}],"wp:attachment":[{"href":"https:\/\/saksitas.com\/en\/wp-json\/wp\/v2\/media?parent=3487"}],"wp:term":[{"taxonomy":"product_cat","embeddable":true,"href":"https:\/\/saksitas.com\/en\/wp-json\/wp\/v2\/product_cat?post=3487"},{"taxonomy":"product_tag","embeddable":true,"href":"https:\/\/saksitas.com\/en\/wp-json\/wp\/v2\/product_tag?post=3487"}],"curies":[{"name":"wp","href":"https:\/\/api.w.org\/{rel}","templated":true}]}}