{"id":3513,"date":"2023-02-11T16:46:16","date_gmt":"2023-02-11T13:46:16","guid":{"rendered":"https:\/\/saksitas.com\/?post_type=product&#038;p=3513"},"modified":"2025-04-16T10:35:59","modified_gmt":"2025-04-16T07:35:59","slug":"kavra","status":"publish","type":"product","link":"https:\/\/saksitas.com\/en\/product\/kavra\/","title":{"rendered":"KAVRA"},"content":{"rendered":"<p><img loading=\"lazy\" decoding=\"async\" class=\"alignleft size-full wp-image-3852\" src=\"https:\/\/saksitas.com\/wp-content\/uploads\/2022\/09\/24_04_KAVRA-1.jpeg\" alt=\"\" width=\"698\" height=\"327\" srcset=\"https:\/\/saksitas.com\/wp-content\/uploads\/2022\/09\/24_04_KAVRA-1.jpeg 698w, https:\/\/saksitas.com\/wp-content\/uploads\/2022\/09\/24_04_KAVRA-1-300x141.jpeg 300w, https:\/\/saksitas.com\/wp-content\/uploads\/2022\/09\/24_04_KAVRA-1-600x281.jpeg 600w\" sizes=\"auto, (max-width: 698px) 100vw, 698px\" \/><\/p>","protected":false},"excerpt":{"rendered":"<p>Saks\u0131ta\u015f \u00fcr\u00fcn ailesinin g\u00f6z al\u0131c\u0131 modeli \u201c<strong>Kavra<\/strong>\u201d farkl\u0131 renk ve \u00f6l\u00e7\u00fc se\u00e7enekleriyle ya\u015fam alanlar\u0131n\u0131z\u0131 farkl\u0131la\u015ft\u0131rmak i\u00e7in sipari\u015finizi bekliyor.<\/p>\n<div class=\"woocommerce-product-details__short-description\">\n<p><strong>RENK:<\/strong> Antrasit \u2013 Bej \u2013 Beyaz \u2013 Gri \u2013 K\u0131rm\u0131z\u0131 \u2013 Krem \u2013 Sar\u0131 \u2013 Siyah \u2013 Ye\u015fil<\/p>\n<\/div>","protected":false},"featured_media":3515,"template":"","meta":[],"product_cat":[15],"product_tag":[],"class_list":["post-3513","product","type-product","status-publish","has-post-thumbnail","hentry","product_cat-urunlerimiz"],"_links":{"self":[{"href":"https:\/\/saksitas.com\/en\/wp-json\/wp\/v2\/product\/3513","targetHints":{"allow":["GET"]}}],"collection":[{"href":"https:\/\/saksitas.com\/en\/wp-json\/wp\/v2\/product"}],"about":[{"href":"https:\/\/saksitas.com\/en\/wp-json\/wp\/v2\/types\/product"}],"wp:featuredmedia":[{"embeddable":true,"href":"https:\/\/saksitas.com\/en\/wp-json\/wp\/v2\/media\/3515"}],"wp:attachment":[{"href":"https:\/\/saksitas.com\/en\/wp-json\/wp\/v2\/media?parent=3513"}],"wp:term":[{"taxonomy":"product_cat","embeddable":true,"href":"https:\/\/saksitas.com\/en\/wp-json\/wp\/v2\/product_cat?post=3513"},{"taxonomy":"product_tag","embeddable":true,"href":"https:\/\/saksitas.com\/en\/wp-json\/wp\/v2\/product_tag?post=3513"}],"curies":[{"name":"wp","href":"https:\/\/api.w.org\/{rel}","templated":true}]}}