{"id":3517,"date":"2023-02-11T16:49:44","date_gmt":"2023-02-11T13:49:44","guid":{"rendered":"https:\/\/saksitas.com\/?post_type=product&#038;p=3517"},"modified":"2025-04-16T15:00:47","modified_gmt":"2025-04-16T12:00:47","slug":"kavran","status":"publish","type":"product","link":"https:\/\/saksitas.com\/en\/product\/kavran\/","title":{"rendered":"KAVRAN"},"content":{"rendered":"<p><img loading=\"lazy\" decoding=\"async\" class=\"alignleft size-full wp-image-3853\" src=\"https:\/\/saksitas.com\/wp-content\/uploads\/2023\/02\/24_04_KAVRAN-1-1.jpeg\" alt=\"\" width=\"679\" height=\"197\" srcset=\"https:\/\/saksitas.com\/wp-content\/uploads\/2023\/02\/24_04_KAVRAN-1-1.jpeg 679w, https:\/\/saksitas.com\/wp-content\/uploads\/2023\/02\/24_04_KAVRAN-1-1-300x87.jpeg 300w, https:\/\/saksitas.com\/wp-content\/uploads\/2023\/02\/24_04_KAVRAN-1-1-600x174.jpeg 600w\" sizes=\"auto, (max-width: 679px) 100vw, 679px\" \/><\/p>","protected":false},"excerpt":{"rendered":"<div class=\"woocommerce-product-details__short-description\">\n<p>Saks\u0131ta\u015f \u00fcr\u00fcn ailesinin g\u00f6z al\u0131c\u0131 modeli \u201c<strong>Kavran<\/strong>\u201d farkl\u0131 renk ve \u00f6l\u00e7\u00fc se\u00e7enekleriyle ya\u015fam alanlar\u0131n\u0131z\u0131 farkl\u0131la\u015ft\u0131rmak i\u00e7in sipari\u015finizi bekliyor.<\/p>\n<div class=\"woocommerce-product-details__short-description\">\n<p><strong>RENK:<\/strong> Antrasit \u2013 Bej \u2013 Beyaz \u2013 Gri \u2013 K\u0131rm\u0131z\u0131 \u2013 Krem \u2013 Sar\u0131 \u2013 Siyah \u2013 Ye\u015fil<\/p>\n<\/div>\n<\/div>\n<div class=\"product_meta\"><\/div>","protected":false},"featured_media":3518,"template":"","meta":[],"product_cat":[15],"product_tag":[],"class_list":["post-3517","product","type-product","status-publish","has-post-thumbnail","hentry","product_cat-urunlerimiz"],"_links":{"self":[{"href":"https:\/\/saksitas.com\/en\/wp-json\/wp\/v2\/product\/3517","targetHints":{"allow":["GET"]}}],"collection":[{"href":"https:\/\/saksitas.com\/en\/wp-json\/wp\/v2\/product"}],"about":[{"href":"https:\/\/saksitas.com\/en\/wp-json\/wp\/v2\/types\/product"}],"wp:featuredmedia":[{"embeddable":true,"href":"https:\/\/saksitas.com\/en\/wp-json\/wp\/v2\/media\/3518"}],"wp:attachment":[{"href":"https:\/\/saksitas.com\/en\/wp-json\/wp\/v2\/media?parent=3517"}],"wp:term":[{"taxonomy":"product_cat","embeddable":true,"href":"https:\/\/saksitas.com\/en\/wp-json\/wp\/v2\/product_cat?post=3517"},{"taxonomy":"product_tag","embeddable":true,"href":"https:\/\/saksitas.com\/en\/wp-json\/wp\/v2\/product_tag?post=3517"}],"curies":[{"name":"wp","href":"https:\/\/api.w.org\/{rel}","templated":true}]}}