{"id":3571,"date":"2023-03-01T12:52:43","date_gmt":"2023-03-01T09:52:43","guid":{"rendered":"https:\/\/saksitas.com\/?post_type=product&#038;p=3571"},"modified":"2025-04-16T10:06:02","modified_gmt":"2025-04-16T07:06:02","slug":"bord","status":"publish","type":"product","link":"https:\/\/saksitas.com\/en\/product\/bord\/","title":{"rendered":"BORD"},"content":{"rendered":"<ul>\n<li>Fiyatlar\u0131m\u0131za KDV d\u00e2hil de\u011fildir.<br \/>\n<img loading=\"lazy\" decoding=\"async\" class=\"alignleft size-full wp-image-3841\" src=\"https:\/\/saksitas.com\/wp-content\/uploads\/2022\/09\/24_04_BORD-1.jpeg\" alt=\"\" width=\"683\" height=\"250\" srcset=\"https:\/\/saksitas.com\/wp-content\/uploads\/2022\/09\/24_04_BORD-1.jpeg 683w, https:\/\/saksitas.com\/wp-content\/uploads\/2022\/09\/24_04_BORD-1-300x110.jpeg 300w, https:\/\/saksitas.com\/wp-content\/uploads\/2022\/09\/24_04_BORD-1-600x220.jpeg 600w\" sizes=\"auto, (max-width: 683px) 100vw, 683px\" \/><\/li>\n<\/ul>","protected":false},"excerpt":{"rendered":"<p>Saks\u0131ta\u015f \u00fcr\u00fcn ailesinin g\u00f6z al\u0131c\u0131 \u00e7e\u015fidi &#8220;<b>Bord<\/b>&#8221; farkl\u0131 renk ve \u00f6l\u00e7\u00fc se\u00e7enekleriyle ya\u015fam alanlar\u0131n\u0131z\u0131 farkl\u0131la\u015ft\u0131rmak i\u00e7in sipari\u015finizi bekliyor.<\/p>\n<div class=\"woocommerce-product-details__short-description\">\n<p><strong>RENK:<\/strong> Antrasit \u2013 Bej \u2013 Beyaz \u2013 Gri \u2013 K\u0131rm\u0131z\u0131 \u2013 Krem \u2013 Sar\u0131 \u2013 Siyah \u2013 Ye\u015fil<\/p>\n<\/div>","protected":false},"featured_media":3573,"template":"","meta":[],"product_cat":[15],"product_tag":[],"class_list":["post-3571","product","type-product","status-publish","has-post-thumbnail","hentry","product_cat-urunlerimiz"],"_links":{"self":[{"href":"https:\/\/saksitas.com\/en\/wp-json\/wp\/v2\/product\/3571","targetHints":{"allow":["GET"]}}],"collection":[{"href":"https:\/\/saksitas.com\/en\/wp-json\/wp\/v2\/product"}],"about":[{"href":"https:\/\/saksitas.com\/en\/wp-json\/wp\/v2\/types\/product"}],"wp:featuredmedia":[{"embeddable":true,"href":"https:\/\/saksitas.com\/en\/wp-json\/wp\/v2\/media\/3573"}],"wp:attachment":[{"href":"https:\/\/saksitas.com\/en\/wp-json\/wp\/v2\/media?parent=3571"}],"wp:term":[{"taxonomy":"product_cat","embeddable":true,"href":"https:\/\/saksitas.com\/en\/wp-json\/wp\/v2\/product_cat?post=3571"},{"taxonomy":"product_tag","embeddable":true,"href":"https:\/\/saksitas.com\/en\/wp-json\/wp\/v2\/product_tag?post=3571"}],"curies":[{"name":"wp","href":"https:\/\/api.w.org\/{rel}","templated":true}]}}